{"id":1631,"date":"2024-04-09T12:05:41","date_gmt":"2024-04-09T09:05:41","guid":{"rendered":"https:\/\/porini.fi\/?page_id=1631"},"modified":"2024-05-13T21:07:05","modified_gmt":"2024-05-13T18:07:05","slug":"vastuullisuus","status":"publish","type":"page","link":"https:\/\/porini.fi\/?page_id=1631","title":{"rendered":"Vastuullisuus"},"content":{"rendered":"\n<p>Meill\u00e4 pohjolassa ei Cashewp\u00e4hkin\u00e4 (niin kuin ei pippuri tai kahvikaan) kasva, joten tuotteidemme on matkattava tropiikista suomalaisten herkkusuiden p\u00f6ytiin melkoisen pitk\u00e4 taival. T\u00e4m\u00e4 reissu&nbsp;saattaisi sis\u00e4lt\u00e4\u00e4 monenlaisia karikoita. Siksi haluamme ett\u00e4 jokainen etappi jonka p\u00e4hkin\u00e4mme k\u00e4y l\u00e4pi on mietitty niin tansanialaisten tuottajien, yhteisen pallomme ja kotimaisten kumppaniemme kannalta mahdollisimman j\u00e4rkev\u00e4ksi sek\u00e4 niin, ett\u00e4 Cashewp\u00e4hkin\u00e4n matka on mahdollisimman v\u00e4h\u00e4n luontoa kuormittava ja kaikille osapuolille reilu.<\/p>\n\n\n\n<ul class=\"wp-block-list\">\n<li>Yksi hyv\u00e4 esimerkki t\u00e4st\u00e4 on se, ett\u00e4 p\u00e4hkin\u00e4mme kuoritaan l\u00e4hell\u00e4 viljelij\u00f6it\u00e4 paikan p\u00e4\u00e4ll\u00e4 Tansanian Kisemvulessa. T\u00e4m\u00e4 on vastoin yleist\u00e4 tapaa l\u00e4hett\u00e4\u00e4 ne isoihin k\u00e4sittelylaitoksiin esimerkiksi Intiaan. Jo t\u00e4m\u00e4n ansiosta cashewp\u00e4hkin\u00e4n reissu lyhenee tuhansilla kilometreill\u00e4 ja maapallo kiitt\u00e4\u00e4.<\/li>\n<\/ul>\n\n\n\n<ul class=\"wp-block-list\">\n<li>P\u00e4hkin\u00f6iden viljely ja varsinkin k\u00e4sittely on kovaa ty\u00f6t\u00e4 ja moniosainen prosessi. Haluamme ett\u00e4 tuottajamme ja kuorijamme saavat ty\u00f6skennell\u00e4 hyviss\u00e4 ty\u00f6oloissa ja saavat aherruksestaan reilun korvauksen.&nbsp;<\/li>\n<\/ul>\n\n\n\n<ul class=\"wp-block-list\">\n<li>P\u00e4hkin\u00e4mme ovat luomulaatuisia eli niiden viljelyss\u00e4 ei ole k\u00e4ytetty synteettisi\u00e4 torjunta-aineita tai lannoitteita<\/li>\n<\/ul>\n\n\n\n<ul class=\"wp-block-list\">\n<li>P\u00e4hkin\u00e4mme tulevat Tansanian rannikolta pientiloita,  joiden koko saattaa olla vain noin hehtaari.<\/li>\n<\/ul>\n\n\n\n<ul class=\"wp-block-list\">\n<li>P\u00e4hkin\u00e4t ovat j\u00e4ljitett\u00e4viss\u00e4 jopa yksitt\u00e4iseen pientilaan asti<\/li>\n<\/ul>\n\n\n\n<hr class=\"wp-block-separator has-text-color has-alpha-channel-opacity has-background is-style-dots\" style=\"background-color:#e98712;color:#e98712\"\/>\n\n\n\n<figure class=\"wp-block-image alignwide size-large\"><img fetchpriority=\"high\" decoding=\"async\" width=\"1024\" height=\"768\" src=\"https:\/\/porini.fi\/wp-content\/uploads\/2024\/01\/IMG_4360-1024x768.jpeg\" alt=\"\" class=\"wp-image-76\" srcset=\"https:\/\/porini.fi\/wp-content\/uploads\/2024\/01\/IMG_4360-1024x768.jpeg 1024w, https:\/\/porini.fi\/wp-content\/uploads\/2024\/01\/IMG_4360-300x225.jpeg 300w, https:\/\/porini.fi\/wp-content\/uploads\/2024\/01\/IMG_4360-600x450.jpeg 600w, https:\/\/porini.fi\/wp-content\/uploads\/2024\/01\/IMG_4360-2000x1500.jpeg 2000w, https:\/\/porini.fi\/wp-content\/uploads\/2024\/01\/IMG_4360.jpeg 2048w\" sizes=\"(max-width: 1024px) 100vw, 1024px\" \/><\/figure>\n","protected":false},"excerpt":{"rendered":"<p>Meill\u00e4 pohjolassa ei Cashewp\u00e4hkin\u00e4 (niin kuin ei pippuri tai kahvikaan) kasva, joten tuotteidemme on matkattava tropiikista suomalaisten herkkusuiden p\u00f6ytiin melkoisen pitk\u00e4 taival. T\u00e4m\u00e4 reissu&nbsp;saattaisi sis\u00e4lt\u00e4\u00e4 monenlaisia karikoita. Siksi haluamme ett\u00e4 jokainen etappi jonka p\u00e4hkin\u00e4mme k\u00e4y l\u00e4pi on mietitty niin tansanialaisten tuottajien, yhteisen pallomme ja kotimaisten kumppaniemme kannalta mahdollisimman j\u00e4rkev\u00e4ksi sek\u00e4 niin, ett\u00e4 Cashewp\u00e4hkin\u00e4n matka on [&hellip;]<\/p>\n","protected":false},"author":1,"featured_media":0,"parent":0,"menu_order":0,"comment_status":"closed","ping_status":"closed","template":"","meta":{"footnotes":""},"class_list":["post-1631","page","type-page","status-publish","czr-hentry"],"yoast_head":"<!-- This site is optimized with the Yoast SEO plugin v27.5 - https:\/\/yoast.com\/product\/yoast-seo-wordpress\/ -->\n<title>Vastuullisuus - Porini<\/title>\n<meta name=\"description\" content=\"Meill\u00e4 pohjolassa ei Cashewp\u00e4hkin\u00e4 (niin kuin ei pippuri tai kahvikaan) kasva, joten tuotteidemme on matkattava tropiikista suomalaisten herkkusuiden p\u00f6ytiin melkoisen pitk\u00e4 taival.\" \/>\n<meta name=\"robots\" content=\"index, follow, max-snippet:-1, max-image-preview:large, max-video-preview:-1\" \/>\n<link rel=\"canonical\" href=\"https:\/\/porini.fi\/?page_id=1631\" \/>\n<meta property=\"og:locale\" content=\"fi_FI\" \/>\n<meta property=\"og:type\" content=\"article\" \/>\n<meta property=\"og:title\" content=\"Vastuullisuus - Porini\" \/>\n<meta property=\"og:description\" content=\"Meill\u00e4 pohjolassa ei Cashewp\u00e4hkin\u00e4 (niin kuin ei pippuri tai kahvikaan) kasva, joten tuotteidemme on matkattava tropiikista suomalaisten herkkusuiden p\u00f6ytiin melkoisen pitk\u00e4 taival.\" \/>\n<meta property=\"og:url\" content=\"https:\/\/porini.fi\/?page_id=1631\" \/>\n<meta property=\"article:modified_time\" content=\"2024-05-13T18:07:05+00:00\" \/>\n<meta property=\"og:image\" content=\"https:\/\/porini.fi\/wp-content\/uploads\/2024\/01\/IMG_4360-1024x768.jpeg\" \/>\n<meta name=\"twitter:card\" content=\"summary_large_image\" \/>\n<meta name=\"twitter:label1\" content=\"Arvioitu lukuaika\" \/>\n\t<meta name=\"twitter:data1\" content=\"2 minuuttia\" \/>\n<script type=\"application\/ld+json\" class=\"yoast-schema-graph\">{\"@context\":\"https:\\\/\\\/schema.org\",\"@graph\":[{\"@type\":\"WebPage\",\"@id\":\"https:\\\/\\\/porini.fi\\\/?page_id=1631\",\"url\":\"https:\\\/\\\/porini.fi\\\/?page_id=1631\",\"name\":\"Vastuullisuus - Porini\",\"isPartOf\":{\"@id\":\"https:\\\/\\\/porini.fi\\\/#website\"},\"primaryImageOfPage\":{\"@id\":\"https:\\\/\\\/porini.fi\\\/?page_id=1631#primaryimage\"},\"image\":{\"@id\":\"https:\\\/\\\/porini.fi\\\/?page_id=1631#primaryimage\"},\"thumbnailUrl\":\"https:\\\/\\\/porini.fi\\\/wp-content\\\/uploads\\\/2024\\\/01\\\/IMG_4360-1024x768.jpeg\",\"datePublished\":\"2024-04-09T09:05:41+00:00\",\"dateModified\":\"2024-05-13T18:07:05+00:00\",\"description\":\"Meill\u00e4 pohjolassa ei Cashewp\u00e4hkin\u00e4 (niin kuin ei pippuri tai kahvikaan) kasva, joten tuotteidemme on matkattava tropiikista suomalaisten herkkusuiden p\u00f6ytiin melkoisen pitk\u00e4 taival.\",\"inLanguage\":\"fi\",\"potentialAction\":[{\"@type\":\"ReadAction\",\"target\":[\"https:\\\/\\\/porini.fi\\\/?page_id=1631\"]}]},{\"@type\":\"ImageObject\",\"inLanguage\":\"fi\",\"@id\":\"https:\\\/\\\/porini.fi\\\/?page_id=1631#primaryimage\",\"url\":\"https:\\\/\\\/porini.fi\\\/wp-content\\\/uploads\\\/2024\\\/01\\\/IMG_4360.jpeg\",\"contentUrl\":\"https:\\\/\\\/porini.fi\\\/wp-content\\\/uploads\\\/2024\\\/01\\\/IMG_4360.jpeg\",\"width\":2048,\"height\":1536},{\"@type\":\"WebSite\",\"@id\":\"https:\\\/\\\/porini.fi\\\/#website\",\"url\":\"https:\\\/\\\/porini.fi\\\/\",\"name\":\"\",\"description\":\"\",\"potentialAction\":[{\"@type\":\"SearchAction\",\"target\":{\"@type\":\"EntryPoint\",\"urlTemplate\":\"https:\\\/\\\/porini.fi\\\/?s={search_term_string}\"},\"query-input\":{\"@type\":\"PropertyValueSpecification\",\"valueRequired\":true,\"valueName\":\"search_term_string\"}}],\"inLanguage\":\"fi\"}]}<\/script>\n<!-- \/ Yoast SEO plugin. -->","yoast_head_json":{"title":"Vastuullisuus - Porini","description":"Meill\u00e4 pohjolassa ei Cashewp\u00e4hkin\u00e4 (niin kuin ei pippuri tai kahvikaan) kasva, joten tuotteidemme on matkattava tropiikista suomalaisten herkkusuiden p\u00f6ytiin melkoisen pitk\u00e4 taival.","robots":{"index":"index","follow":"follow","max-snippet":"max-snippet:-1","max-image-preview":"max-image-preview:large","max-video-preview":"max-video-preview:-1"},"canonical":"https:\/\/porini.fi\/?page_id=1631","og_locale":"fi_FI","og_type":"article","og_title":"Vastuullisuus - Porini","og_description":"Meill\u00e4 pohjolassa ei Cashewp\u00e4hkin\u00e4 (niin kuin ei pippuri tai kahvikaan) kasva, joten tuotteidemme on matkattava tropiikista suomalaisten herkkusuiden p\u00f6ytiin melkoisen pitk\u00e4 taival.","og_url":"https:\/\/porini.fi\/?page_id=1631","article_modified_time":"2024-05-13T18:07:05+00:00","og_image":[{"url":"https:\/\/porini.fi\/wp-content\/uploads\/2024\/01\/IMG_4360-1024x768.jpeg","type":"","width":"","height":""}],"twitter_card":"summary_large_image","twitter_misc":{"Arvioitu lukuaika":"2 minuuttia"},"schema":{"@context":"https:\/\/schema.org","@graph":[{"@type":"WebPage","@id":"https:\/\/porini.fi\/?page_id=1631","url":"https:\/\/porini.fi\/?page_id=1631","name":"Vastuullisuus - Porini","isPartOf":{"@id":"https:\/\/porini.fi\/#website"},"primaryImageOfPage":{"@id":"https:\/\/porini.fi\/?page_id=1631#primaryimage"},"image":{"@id":"https:\/\/porini.fi\/?page_id=1631#primaryimage"},"thumbnailUrl":"https:\/\/porini.fi\/wp-content\/uploads\/2024\/01\/IMG_4360-1024x768.jpeg","datePublished":"2024-04-09T09:05:41+00:00","dateModified":"2024-05-13T18:07:05+00:00","description":"Meill\u00e4 pohjolassa ei Cashewp\u00e4hkin\u00e4 (niin kuin ei pippuri tai kahvikaan) kasva, joten tuotteidemme on matkattava tropiikista suomalaisten herkkusuiden p\u00f6ytiin melkoisen pitk\u00e4 taival.","inLanguage":"fi","potentialAction":[{"@type":"ReadAction","target":["https:\/\/porini.fi\/?page_id=1631"]}]},{"@type":"ImageObject","inLanguage":"fi","@id":"https:\/\/porini.fi\/?page_id=1631#primaryimage","url":"https:\/\/porini.fi\/wp-content\/uploads\/2024\/01\/IMG_4360.jpeg","contentUrl":"https:\/\/porini.fi\/wp-content\/uploads\/2024\/01\/IMG_4360.jpeg","width":2048,"height":1536},{"@type":"WebSite","@id":"https:\/\/porini.fi\/#website","url":"https:\/\/porini.fi\/","name":"","description":"","potentialAction":[{"@type":"SearchAction","target":{"@type":"EntryPoint","urlTemplate":"https:\/\/porini.fi\/?s={search_term_string}"},"query-input":{"@type":"PropertyValueSpecification","valueRequired":true,"valueName":"search_term_string"}}],"inLanguage":"fi"}]}},"_links":{"self":[{"href":"https:\/\/porini.fi\/index.php?rest_route=\/wp\/v2\/pages\/1631","targetHints":{"allow":["GET"]}}],"collection":[{"href":"https:\/\/porini.fi\/index.php?rest_route=\/wp\/v2\/pages"}],"about":[{"href":"https:\/\/porini.fi\/index.php?rest_route=\/wp\/v2\/types\/page"}],"author":[{"embeddable":true,"href":"https:\/\/porini.fi\/index.php?rest_route=\/wp\/v2\/users\/1"}],"replies":[{"embeddable":true,"href":"https:\/\/porini.fi\/index.php?rest_route=%2Fwp%2Fv2%2Fcomments&post=1631"}],"version-history":[{"count":15,"href":"https:\/\/porini.fi\/index.php?rest_route=\/wp\/v2\/pages\/1631\/revisions"}],"predecessor-version":[{"id":2121,"href":"https:\/\/porini.fi\/index.php?rest_route=\/wp\/v2\/pages\/1631\/revisions\/2121"}],"wp:attachment":[{"href":"https:\/\/porini.fi\/index.php?rest_route=%2Fwp%2Fv2%2Fmedia&parent=1631"}],"curies":[{"name":"wp","href":"https:\/\/api.w.org\/{rel}","templated":true}]}}