{"id":153,"date":"2024-01-30T12:24:00","date_gmt":"2024-01-30T10:24:00","guid":{"rendered":"https:\/\/porini.fi\/?page_id=153"},"modified":"2024-05-14T08:51:32","modified_gmt":"2024-05-14T05:51:32","slug":"yhteystiedot","status":"publish","type":"page","link":"https:\/\/porini.fi\/?page_id=153","title":{"rendered":"Yhteys"},"content":{"rendered":"\n<div class=\"wp-block-cover alignfull has-parallax\" style=\"min-height:571px;aspect-ratio:unset;\"><span aria-hidden=\"true\" class=\"wp-block-cover__background has-background-dim-10 has-background-dim wp-block-cover__gradient-background has-background-gradient has-luminous-vivid-amber-to-luminous-vivid-orange-gradient-background\" style=\"background-color:#75726d\"><\/span><div class=\"wp-block-cover__image-background wp-image-89 has-parallax lazyload\" style=\"background-position:50% 50%;background-image:inherit\" data-bg-image=\"url(https:\/\/porini.fi\/wp-content\/uploads\/2024\/01\/IMG_4425.jpeg)\"><\/div><div class=\"wp-block-cover__inner-container is-layout-constrained wp-block-cover-is-layout-constrained\">\n<p class=\"has-text-align-center has-large-font-size\"><\/p>\n<\/div><\/div>\n\n\n\n<div class=\"wp-block-group alignfull\"><div class=\"wp-block-group__inner-container is-layout-constrained wp-block-group-is-layout-constrained\"><div class=\"wp-block-image\">\n<figure class=\"alignright size-full is-resized\"><img fetchpriority=\"high\" decoding=\"async\" width=\"334\" height=\"154\" src=\"https:\/\/porini.fi\/wp-content\/uploads\/2024\/02\/Viuhka.jpg\" alt=\"\" class=\"wp-image-582\" style=\"width:180px;height:auto\" srcset=\"https:\/\/porini.fi\/wp-content\/uploads\/2024\/02\/Viuhka.jpg 334w, https:\/\/porini.fi\/wp-content\/uploads\/2024\/02\/Viuhka-300x138.jpg 300w\" sizes=\"(max-width: 334px) 100vw, 334px\" \/><\/figure>\n<\/div><\/div><\/div>\n\n\n\n<div class=\"wp-block-columns are-vertically-aligned-center is-layout-flex wp-container-core-columns-is-layout-9d6595d7 wp-block-columns-is-layout-flex\">\n<div class=\"wp-block-column is-vertically-aligned-center is-layout-flow wp-block-column-is-layout-flow\">\n<div class=\"wp-block-group\"><div class=\"wp-block-group__inner-container is-layout-constrained wp-block-group-is-layout-constrained\">\n<div style=\"height:117px\" aria-hidden=\"true\" class=\"wp-block-spacer\"><\/div>\n\n\n\n<h3 class=\"wp-block-heading has-text-align-center\">Ari Koivu \u2013 Toimitusjohtaja<\/h3>\n\n\n\n<p class=\"has-text-align-left\">Arilla on yli 25 vuoden kokemus Tansaniasta ja It\u00e4-Afrikasta. Jo 1994 Arin saapuessa opiskelijana Dar es Salaamin lentokent\u00e4lle saattoi aistia, ett\u00e4 t\u00e4st\u00e4 tulee pitk\u00e4 suhde. Tarkoittaahan ari swahilin kielell\u00e4 p\u00e4\u00e4tt\u00e4v\u00e4isyytt\u00e4. Ari on tehnyt niin safareita, hyv\u00e4ntekev\u00e4isyytt\u00e4 kuin kehitysyhteisty\u00f6t\u00e4 ja auttanut satoja tuhansia nuoria koulunk\u00e4ynniss\u00e4 mm. liikunnan ja terveyskasvatuksen avulla. Ari tuntee Tansanian kulttuurin ja vuorovaikutuksen kiemurat ja omaa mahtavan verkoston niin politiikassa, urheilussa, taloudessa kuin diplomatiassa. Kilimanjarokin on valloitettu 11 kertaa\u2026<\/p>\n\n\n\n<p><\/p>\n\n\n\n<p><\/p>\n\n\n\n<hr class=\"wp-block-separator has-alpha-channel-opacity\"\/>\n<\/div><\/div>\n\n\n<div class=\"wp-block-image is-style-rounded\">\n<figure data-wp-context=\"{&quot;imageId&quot;:&quot;69f5ed457941a&quot;}\" data-wp-interactive=\"core\/image\" data-wp-key=\"69f5ed457941a\" class=\"alignleft size-full is-resized wp-lightbox-container\"><img decoding=\"async\" width=\"1536\" height=\"2048\" data-wp-class--hide=\"state.isContentHidden\" data-wp-class--show=\"state.isContentVisible\" data-wp-init=\"callbacks.setButtonStyles\" data-wp-on--click=\"actions.showLightbox\" data-wp-on--load=\"callbacks.setButtonStyles\" data-wp-on-window--resize=\"callbacks.setButtonStyles\" data-src=\"https:\/\/porini.fi\/wp-content\/uploads\/2024\/02\/IMG_4148.jpeg\" alt=\"\" class=\"wp-image-326 lazyload\" style=\"--smush-placeholder-width: 1536px; --smush-placeholder-aspect-ratio: 1536\/2048;aspect-ratio:1;object-fit:cover;width:570px;height:auto\" data-srcset=\"https:\/\/porini.fi\/wp-content\/uploads\/2024\/02\/IMG_4148.jpeg 1536w, https:\/\/porini.fi\/wp-content\/uploads\/2024\/02\/IMG_4148-300x400.jpeg 300w, https:\/\/porini.fi\/wp-content\/uploads\/2024\/02\/IMG_4148-600x800.jpeg 600w, https:\/\/porini.fi\/wp-content\/uploads\/2024\/02\/IMG_4148-225x300.jpeg 225w, https:\/\/porini.fi\/wp-content\/uploads\/2024\/02\/IMG_4148-768x1024.jpeg 768w, https:\/\/porini.fi\/wp-content\/uploads\/2024\/02\/IMG_4148-1152x1536.jpeg 1152w, https:\/\/porini.fi\/wp-content\/uploads\/2024\/02\/IMG_4148-570x760.jpeg 570w\" data-sizes=\"(max-width: 1536px) 100vw, 1536px\" src=\"data:image\/svg+xml;base64,PHN2ZyB3aWR0aD0iMSIgaGVpZ2h0PSIxIiB4bWxucz0iaHR0cDovL3d3dy53My5vcmcvMjAwMC9zdmciPjwvc3ZnPg==\" \/><button\n\t\t\tclass=\"lightbox-trigger\"\n\t\t\ttype=\"button\"\n\t\t\taria-haspopup=\"dialog\"\n\t\t\taria-label=\"Suurenna\"\n\t\t\tdata-wp-init=\"callbacks.initTriggerButton\"\n\t\t\tdata-wp-on--click=\"actions.showLightbox\"\n\t\t\tdata-wp-style--right=\"state.imageButtonRight\"\n\t\t\tdata-wp-style--top=\"state.imageButtonTop\"\n\t\t>\n\t\t\t<svg xmlns=\"http:\/\/www.w3.org\/2000\/svg\" width=\"12\" height=\"12\" fill=\"none\" viewBox=\"0 0 12 12\">\n\t\t\t\t<path fill=\"#fff\" d=\"M2 0a2 2 0 0 0-2 2v2h1.5V2a.5.5 0 0 1 .5-.5h2V0H2Zm2 10.5H2a.5.5 0 0 1-.5-.5V8H0v2a2 2 0 0 0 2 2h2v-1.5ZM8 12v-1.5h2a.5.5 0 0 0 .5-.5V8H12v2a2 2 0 0 1-2 2H8Zm2-12a2 2 0 0 1 2 2v2h-1.5V2a.5.5 0 0 0-.5-.5H8V0h2Z\" \/>\n\t\t\t<\/svg>\n\t\t<\/button><\/figure>\n<\/div><\/div>\n\n\n\n<div class=\"wp-block-column is-vertically-aligned-center is-layout-flow wp-block-column-is-layout-flow\"><\/div>\n\n\n\n<div class=\"wp-block-column is-vertically-aligned-center is-layout-flow wp-block-column-is-layout-flow\">\n<h2 class=\"wp-block-heading\">Ota yhteytt\u00e4<\/h2>\n\n\n\n<p>J\u00e4ik\u00f6 jokin vaivaamaan mielt\u00e4si?<\/p>\n\n\n\n<div class=\"wp-block-contact-form-7-contact-form-selector\">\n<div class=\"wpcf7 no-js\" id=\"wpcf7-f199-o1\" lang=\"en-GB\" dir=\"ltr\" data-wpcf7-id=\"199\">\n<div class=\"screen-reader-response\"><p role=\"status\" aria-live=\"polite\" aria-atomic=\"true\"><\/p> <ul><\/ul><\/div>\n<form action=\"\/index.php?rest_route=%2Fwp%2Fv2%2Fpages%2F153#wpcf7-f199-o1\" method=\"post\" class=\"wpcf7-form init\" aria-label=\"Contact form\" novalidate=\"novalidate\" data-status=\"init\">\n<fieldset class=\"hidden-fields-container\"><input type=\"hidden\" name=\"_wpcf7\" value=\"199\" \/><input type=\"hidden\" name=\"_wpcf7_version\" value=\"6.1.5\" \/><input type=\"hidden\" name=\"_wpcf7_locale\" value=\"en_GB\" \/><input type=\"hidden\" name=\"_wpcf7_unit_tag\" value=\"wpcf7-f199-o1\" \/><input type=\"hidden\" name=\"_wpcf7_container_post\" value=\"0\" \/><input type=\"hidden\" name=\"_wpcf7_posted_data_hash\" value=\"\" \/>\n<\/fieldset>\n<p><label> Nimi<br \/>\n<span class=\"wpcf7-form-control-wrap\" data-name=\"your-name\"><input size=\"40\" maxlength=\"400\" class=\"wpcf7-form-control wpcf7-text wpcf7-validates-as-required\" autocomplete=\"name\" aria-required=\"true\" aria-invalid=\"false\" value=\"\" type=\"text\" name=\"your-name\" \/><\/span> <\/label>\n<\/p>\n<p><label> S\u00e4hk\u00f6posti (pakollinen)<br \/>\n<span class=\"wpcf7-form-control-wrap\" data-name=\"your-email\"><input size=\"40\" maxlength=\"400\" class=\"wpcf7-form-control wpcf7-email wpcf7-validates-as-required wpcf7-text wpcf7-validates-as-email\" autocomplete=\"email\" aria-required=\"true\" aria-invalid=\"false\" value=\"\" type=\"email\" name=\"your-email\" \/><\/span> <\/label>\n<\/p>\n<p><label> Puhelin<br \/>\n<span class=\"wpcf7-form-control-wrap\" data-name=\"your-subject\"><input size=\"40\" maxlength=\"400\" class=\"wpcf7-form-control wpcf7-text wpcf7-validates-as-required\" aria-required=\"true\" aria-invalid=\"false\" value=\"\" type=\"text\" name=\"your-subject\" \/><\/span> <\/label>\n<\/p>\n<p><label> Viesti<br \/>\n<span class=\"wpcf7-form-control-wrap\" data-name=\"your-message\"><textarea cols=\"40\" rows=\"10\" maxlength=\"2000\" class=\"wpcf7-form-control wpcf7-textarea\" aria-invalid=\"false\" name=\"your-message\"><\/textarea><\/span> <\/label>\n<\/p>\n<p><input class=\"wpcf7-form-control wpcf7-submit has-spinner\" type=\"submit\" value=\"L\u00e4het\u00e4\" \/>\n<\/p><div class=\"wpcf7-response-output\" aria-hidden=\"true\"><\/div>\n<\/form>\n<\/div>\n<\/div>\n<\/div>\n<\/div>\n\n\n\n<div class=\"wp-block-group is-nowrap is-layout-flex wp-container-core-group-is-layout-ad2f72ca wp-block-group-is-layout-flex\">\n<div class=\"wp-block-columns is-layout-flex wp-container-core-columns-is-layout-9d6595d7 wp-block-columns-is-layout-flex\">\n<div class=\"wp-block-column is-vertically-aligned-center is-layout-flow wp-block-column-is-layout-flow\">\n<p><br><strong>Porini Oy<\/strong><\/p>\n\n\n\n<p>Ari Koivu<\/p>\n\n\n\n<p>ari@porini.fi<\/p>\n\n\n\n<p>+358407659900<\/p>\n\n\n\n<p>Y-tunnus 3197212-8<\/p>\n<\/div>\n<\/div>\n<\/div>\n","protected":false},"excerpt":{"rendered":"<p>Ari Koivu \u2013 Toimitusjohtaja Arilla on yli 25 vuoden kokemus Tansaniasta ja It\u00e4-Afrikasta. Jo 1994 Arin saapuessa opiskelijana Dar es Salaamin lentokent\u00e4lle saattoi aistia, ett\u00e4 t\u00e4st\u00e4 tulee pitk\u00e4 suhde. Tarkoittaahan ari swahilin kielell\u00e4 p\u00e4\u00e4tt\u00e4v\u00e4isyytt\u00e4. Ari on tehnyt niin safareita, hyv\u00e4ntekev\u00e4isyytt\u00e4 kuin kehitysyhteisty\u00f6t\u00e4 ja auttanut satoja tuhansia nuoria koulunk\u00e4ynniss\u00e4 mm. liikunnan ja terveyskasvatuksen avulla. Ari tuntee [&hellip;]<\/p>\n","protected":false},"author":1,"featured_media":0,"parent":0,"menu_order":0,"comment_status":"closed","ping_status":"closed","template":"","meta":{"footnotes":""},"class_list":["post-153","page","type-page","status-publish","czr-hentry"],"yoast_head":"<!-- This site is optimized with the Yoast SEO plugin v27.5 - https:\/\/yoast.com\/product\/yoast-seo-wordpress\/ -->\n<title>Yhteys - Porini<\/title>\n<meta name=\"description\" content=\"Ota yhteytt\u00e4. Meihin saa yhteytt\u00e4 puhelimitse tai s\u00e4hk\u00f6postilla.\" \/>\n<meta name=\"robots\" content=\"index, follow, max-snippet:-1, max-image-preview:large, max-video-preview:-1\" \/>\n<link rel=\"canonical\" href=\"https:\/\/porini.fi\/?page_id=153\" \/>\n<meta property=\"og:locale\" content=\"fi_FI\" \/>\n<meta property=\"og:type\" content=\"article\" \/>\n<meta property=\"og:title\" content=\"Yhteys - Porini\" \/>\n<meta property=\"og:description\" content=\"Ota yhteytt\u00e4. Meihin saa yhteytt\u00e4 puhelimitse tai s\u00e4hk\u00f6postilla.\" \/>\n<meta property=\"og:url\" content=\"https:\/\/porini.fi\/?page_id=153\" \/>\n<meta property=\"article:modified_time\" content=\"2024-05-14T05:51:32+00:00\" \/>\n<meta property=\"og:image\" content=\"https:\/\/porini.fi\/wp-content\/uploads\/2024\/02\/Viuhka.jpg\" \/>\n<meta name=\"twitter:card\" content=\"summary_large_image\" \/>\n<meta name=\"twitter:label1\" content=\"Arvioitu lukuaika\" \/>\n\t<meta name=\"twitter:data1\" content=\"1 minuutti\" \/>\n<script type=\"application\/ld+json\" class=\"yoast-schema-graph\">{\"@context\":\"https:\\\/\\\/schema.org\",\"@graph\":[{\"@type\":\"WebPage\",\"@id\":\"https:\\\/\\\/porini.fi\\\/?page_id=153\",\"url\":\"https:\\\/\\\/porini.fi\\\/?page_id=153\",\"name\":\"Yhteys - Porini\",\"isPartOf\":{\"@id\":\"https:\\\/\\\/porini.fi\\\/#website\"},\"primaryImageOfPage\":{\"@id\":\"https:\\\/\\\/porini.fi\\\/?page_id=153#primaryimage\"},\"image\":{\"@id\":\"https:\\\/\\\/porini.fi\\\/?page_id=153#primaryimage\"},\"thumbnailUrl\":\"https:\\\/\\\/porini.fi\\\/wp-content\\\/uploads\\\/2024\\\/02\\\/Viuhka.jpg\",\"datePublished\":\"2024-01-30T10:24:00+00:00\",\"dateModified\":\"2024-05-14T05:51:32+00:00\",\"description\":\"Ota yhteytt\u00e4. Meihin saa yhteytt\u00e4 puhelimitse tai s\u00e4hk\u00f6postilla.\",\"inLanguage\":\"fi\",\"potentialAction\":[{\"@type\":\"ReadAction\",\"target\":[\"https:\\\/\\\/porini.fi\\\/?page_id=153\"]}]},{\"@type\":\"ImageObject\",\"inLanguage\":\"fi\",\"@id\":\"https:\\\/\\\/porini.fi\\\/?page_id=153#primaryimage\",\"url\":\"https:\\\/\\\/porini.fi\\\/wp-content\\\/uploads\\\/2024\\\/02\\\/Viuhka.jpg\",\"contentUrl\":\"https:\\\/\\\/porini.fi\\\/wp-content\\\/uploads\\\/2024\\\/02\\\/Viuhka.jpg\",\"width\":334,\"height\":154},{\"@type\":\"WebSite\",\"@id\":\"https:\\\/\\\/porini.fi\\\/#website\",\"url\":\"https:\\\/\\\/porini.fi\\\/\",\"name\":\"\",\"description\":\"\",\"potentialAction\":[{\"@type\":\"SearchAction\",\"target\":{\"@type\":\"EntryPoint\",\"urlTemplate\":\"https:\\\/\\\/porini.fi\\\/?s={search_term_string}\"},\"query-input\":{\"@type\":\"PropertyValueSpecification\",\"valueRequired\":true,\"valueName\":\"search_term_string\"}}],\"inLanguage\":\"fi\"}]}<\/script>\n<!-- \/ Yoast SEO plugin. -->","yoast_head_json":{"title":"Yhteys - Porini","description":"Ota yhteytt\u00e4. Meihin saa yhteytt\u00e4 puhelimitse tai s\u00e4hk\u00f6postilla.","robots":{"index":"index","follow":"follow","max-snippet":"max-snippet:-1","max-image-preview":"max-image-preview:large","max-video-preview":"max-video-preview:-1"},"canonical":"https:\/\/porini.fi\/?page_id=153","og_locale":"fi_FI","og_type":"article","og_title":"Yhteys - Porini","og_description":"Ota yhteytt\u00e4. Meihin saa yhteytt\u00e4 puhelimitse tai s\u00e4hk\u00f6postilla.","og_url":"https:\/\/porini.fi\/?page_id=153","article_modified_time":"2024-05-14T05:51:32+00:00","og_image":[{"url":"https:\/\/porini.fi\/wp-content\/uploads\/2024\/02\/Viuhka.jpg","type":"","width":"","height":""}],"twitter_card":"summary_large_image","twitter_misc":{"Arvioitu lukuaika":"1 minuutti"},"schema":{"@context":"https:\/\/schema.org","@graph":[{"@type":"WebPage","@id":"https:\/\/porini.fi\/?page_id=153","url":"https:\/\/porini.fi\/?page_id=153","name":"Yhteys - Porini","isPartOf":{"@id":"https:\/\/porini.fi\/#website"},"primaryImageOfPage":{"@id":"https:\/\/porini.fi\/?page_id=153#primaryimage"},"image":{"@id":"https:\/\/porini.fi\/?page_id=153#primaryimage"},"thumbnailUrl":"https:\/\/porini.fi\/wp-content\/uploads\/2024\/02\/Viuhka.jpg","datePublished":"2024-01-30T10:24:00+00:00","dateModified":"2024-05-14T05:51:32+00:00","description":"Ota yhteytt\u00e4. Meihin saa yhteytt\u00e4 puhelimitse tai s\u00e4hk\u00f6postilla.","inLanguage":"fi","potentialAction":[{"@type":"ReadAction","target":["https:\/\/porini.fi\/?page_id=153"]}]},{"@type":"ImageObject","inLanguage":"fi","@id":"https:\/\/porini.fi\/?page_id=153#primaryimage","url":"https:\/\/porini.fi\/wp-content\/uploads\/2024\/02\/Viuhka.jpg","contentUrl":"https:\/\/porini.fi\/wp-content\/uploads\/2024\/02\/Viuhka.jpg","width":334,"height":154},{"@type":"WebSite","@id":"https:\/\/porini.fi\/#website","url":"https:\/\/porini.fi\/","name":"","description":"","potentialAction":[{"@type":"SearchAction","target":{"@type":"EntryPoint","urlTemplate":"https:\/\/porini.fi\/?s={search_term_string}"},"query-input":{"@type":"PropertyValueSpecification","valueRequired":true,"valueName":"search_term_string"}}],"inLanguage":"fi"}]}},"_links":{"self":[{"href":"https:\/\/porini.fi\/index.php?rest_route=\/wp\/v2\/pages\/153","targetHints":{"allow":["GET"]}}],"collection":[{"href":"https:\/\/porini.fi\/index.php?rest_route=\/wp\/v2\/pages"}],"about":[{"href":"https:\/\/porini.fi\/index.php?rest_route=\/wp\/v2\/types\/page"}],"author":[{"embeddable":true,"href":"https:\/\/porini.fi\/index.php?rest_route=\/wp\/v2\/users\/1"}],"replies":[{"embeddable":true,"href":"https:\/\/porini.fi\/index.php?rest_route=%2Fwp%2Fv2%2Fcomments&post=153"}],"version-history":[{"count":178,"href":"https:\/\/porini.fi\/index.php?rest_route=\/wp\/v2\/pages\/153\/revisions"}],"predecessor-version":[{"id":2128,"href":"https:\/\/porini.fi\/index.php?rest_route=\/wp\/v2\/pages\/153\/revisions\/2128"}],"wp:attachment":[{"href":"https:\/\/porini.fi\/index.php?rest_route=%2Fwp%2Fv2%2Fmedia&parent=153"}],"curies":[{"name":"wp","href":"https:\/\/api.w.org\/{rel}","templated":true}]}}