{"id":150,"date":"2024-01-30T12:22:45","date_gmt":"2024-01-30T10:22:45","guid":{"rendered":"https:\/\/porini.fi\/?page_id=150"},"modified":"2024-05-07T09:30:22","modified_gmt":"2024-05-07T06:30:22","slug":"etusivu","status":"publish","type":"page","link":"https:\/\/porini.fi\/","title":{"rendered":"Etusivu"},"content":{"rendered":"\n<div class=\"wp-block-cover alignfull is-light\" style=\"min-height:838px;aspect-ratio:unset;\"><span aria-hidden=\"true\" class=\"wp-block-cover__background has-background-dim-10 has-background-dim\" style=\"background-color:#e98712\"><\/span><img fetchpriority=\"high\" decoding=\"async\" width=\"1920\" height=\"1080\" class=\"wp-block-cover__image-background wp-image-1602\" alt=\"maisema\" src=\"https:\/\/porini.fi\/wp-content\/uploads\/2024\/04\/etusivu_banner.jpg\" style=\"object-position:10% 82%\" data-object-fit=\"cover\" data-object-position=\"10% 82%\" srcset=\"https:\/\/porini.fi\/wp-content\/uploads\/2024\/04\/etusivu_banner.jpg 1920w, https:\/\/porini.fi\/wp-content\/uploads\/2024\/04\/etusivu_banner-300x169.jpg 300w, https:\/\/porini.fi\/wp-content\/uploads\/2024\/04\/etusivu_banner-1024x576.jpg 1024w, https:\/\/porini.fi\/wp-content\/uploads\/2024\/04\/etusivu_banner-768x432.jpg 768w, https:\/\/porini.fi\/wp-content\/uploads\/2024\/04\/etusivu_banner-1536x864.jpg 1536w, https:\/\/porini.fi\/wp-content\/uploads\/2024\/04\/etusivu_banner-570x321.jpg 570w, https:\/\/porini.fi\/wp-content\/uploads\/2024\/04\/etusivu_banner-1110x624.jpg 1110w, https:\/\/porini.fi\/wp-content\/uploads\/2024\/04\/etusivu_banner-528x297.jpg 528w\" sizes=\"(max-width: 1920px) 100vw, 1920px\" \/><div class=\"wp-block-cover__inner-container is-layout-constrained wp-block-cover-is-layout-constrained\">\n<p class=\"has-text-align-center has-large-font-size\"><\/p>\n<\/div><\/div>\n\n\n\n<hr class=\"wp-block-separator has-text-color has-alpha-channel-opacity has-background is-style-dots\" style=\"background-color:#e98712;color:#e98712\"\/>\n\n\n\n<div class=\"wp-block-media-text alignfull is-stacked-on-mobile is-vertically-aligned-center has-black-color has-text-color has-link-color wp-elements-3ced1b8316d2f21579066e4ad28fe880\"><figure class=\"wp-block-media-text__media\"><img decoding=\"async\" width=\"683\" height=\"1024\" data-src=\"https:\/\/porini.fi\/wp-content\/uploads\/2024\/01\/IMG_1837-683x1024.jpg\" alt=\"\" class=\"wp-image-42 size-full lazyload\" data-srcset=\"https:\/\/porini.fi\/wp-content\/uploads\/2024\/01\/IMG_1837-683x1024.jpg 683w, https:\/\/porini.fi\/wp-content\/uploads\/2024\/01\/IMG_1837-scaled-300x450.jpg 300w, https:\/\/porini.fi\/wp-content\/uploads\/2024\/01\/IMG_1837-scaled-600x900.jpg 600w, https:\/\/porini.fi\/wp-content\/uploads\/2024\/01\/IMG_1837-200x300.jpg 200w, https:\/\/porini.fi\/wp-content\/uploads\/2024\/01\/IMG_1837-2000x3000.jpg 2000w, https:\/\/porini.fi\/wp-content\/uploads\/2024\/01\/IMG_1837-scaled.jpg 1707w\" data-sizes=\"(max-width: 683px) 100vw, 683px\" src=\"data:image\/svg+xml;base64,PHN2ZyB3aWR0aD0iMSIgaGVpZ2h0PSIxIiB4bWxucz0iaHR0cDovL3d3dy53My5vcmcvMjAwMC9zdmciPjwvc3ZnPg==\" style=\"--smush-placeholder-width: 683px; --smush-placeholder-aspect-ratio: 683\/1024;\" \/><\/figure><div class=\"wp-block-media-text__content\">\n<div class=\"wp-block-group\"><div class=\"wp-block-group__inner-container is-layout-constrained wp-block-group-is-layout-constrained\">\n<h1 class=\"wp-block-heading has-text-color has-link-color wp-elements-1aae18b334e4a34c4f6e91f69a100960\" style=\"color:#e98712;font-size:70px\">Sielt\u00e4 mist\u00e4 paras <br>p\u00e4hkin\u00e4 kasvaa<\/h1>\n\n\n\n<p class=\"has-black-color has-text-color has-link-color has-medium-font-size wp-elements-c3a7b519843774ee2f687076057f92ef\">Porini sai alkunsa perustajiensa rakkaudesta Afrikkaan, hyv\u00e4\u00e4n ruokaan ja reiluun meininkiin. Porini tarkoittaa swahilin kielell\u00e4 syrj\u00e4seutua, skutsia, pusikkoa -juuri sit\u00e4 aluetta miss\u00e4 puhtaat ja tuoreet maustekasvimme ja p\u00e4kin\u00e4t kasvavat. Tuottajamme Tansanian Uluguru -vuorten yl\u00e4nk\u00f6alueilla tekev\u00e4t ty\u00f6t\u00e4\u00e4n isolla syd\u00e4mell\u00e4 ja me haluamme heid\u00e4n saavan tuotteistaan riitt\u00e4v\u00e4n korvauksen. T\u00e4ss\u00e4 yht\u00e4l\u00f6ss\u00e4 voittavat kaikki. Porinin kest\u00e4v\u00e4sti tuotetut mausteet, p\u00e4hkin\u00e4t ja muut tuotteet ovat sen ratkaisevan hyppysellisen maukkaampia.<\/p>\n\n\n\n<div style=\"height:50px\" aria-hidden=\"true\" class=\"wp-block-spacer\"><\/div>\n\n\n\n<div class=\"wp-block-buttons is-horizontal is-content-justification-center is-layout-flex wp-container-core-buttons-is-layout-499968f5 wp-block-buttons-is-layout-flex\">\n<div class=\"wp-block-button has-custom-width wp-block-button__width-50 button\" id=\"button\"><a class=\"wp-block-button__link has-white-color has-text-color has-background has-link-color has-text-align-center wp-element-button\" href=\"https:\/\/porini.fi\/?page_id=1418\" style=\"background-color:#e98712\" rel=\"\">Meid\u00e4n tuotteet!<\/a><\/div>\n<\/div>\n<\/div><\/div>\n\n\n\n<div style=\"height:100px\" aria-hidden=\"true\" class=\"wp-block-spacer\"><\/div>\n<\/div><\/div>\n\n\n\n<div class=\"wp-block-cover alignfull is-light\" style=\"min-height:52px;aspect-ratio:unset;\"><span aria-hidden=\"true\" class=\"wp-block-cover__background has-background-dim-100 has-background-dim\" style=\"background-color:#e98712\"><\/span><div class=\"wp-block-cover__inner-container is-layout-constrained wp-block-cover-is-layout-constrained\">\n<p class=\"has-text-align-center has-small-font-size\"><\/p>\n<\/div><\/div>\n\n\n\n<div class=\"wp-block-columns alignwide are-vertically-aligned-center is-layout-flex wp-container-core-columns-is-layout-9d6595d7 wp-block-columns-is-layout-flex\">\n<div class=\"wp-block-column is-vertically-aligned-center is-layout-flow wp-block-column-is-layout-flow\">\n<div class=\"wp-block-group alignfull has-background\" style=\"background-color:#e98712\"><div class=\"wp-block-group__inner-container is-layout-constrained wp-block-group-is-layout-constrained\">\n<div style=\"height:7px\" aria-hidden=\"true\" class=\"wp-block-spacer\"><\/div>\n\n\n\n<figure class=\"wp-block-gallery has-nested-images columns-3 is-cropped has-background wp-block-gallery-1 is-layout-flex wp-block-gallery-is-layout-flex\" style=\"background-color:#e98712\">\n<figure class=\"wp-block-image size-large is-style-default\"><img decoding=\"async\" width=\"768\" height=\"1024\" data-id=\"331\" data-src=\"https:\/\/porini.fi\/wp-content\/uploads\/2024\/02\/IMG_4384-768x1024.jpeg\" alt=\"\" class=\"wp-image-331 lazyload\" data-srcset=\"https:\/\/porini.fi\/wp-content\/uploads\/2024\/02\/IMG_4384-768x1024.jpeg 768w, https:\/\/porini.fi\/wp-content\/uploads\/2024\/02\/IMG_4384-300x400.jpeg 300w, https:\/\/porini.fi\/wp-content\/uploads\/2024\/02\/IMG_4384-600x800.jpeg 600w, https:\/\/porini.fi\/wp-content\/uploads\/2024\/02\/IMG_4384-225x300.jpeg 225w, https:\/\/porini.fi\/wp-content\/uploads\/2024\/02\/IMG_4384-1152x1536.jpeg 1152w, https:\/\/porini.fi\/wp-content\/uploads\/2024\/02\/IMG_4384-570x760.jpeg 570w, https:\/\/porini.fi\/wp-content\/uploads\/2024\/02\/IMG_4384.jpeg 1536w\" data-sizes=\"(max-width: 768px) 100vw, 768px\" src=\"data:image\/svg+xml;base64,PHN2ZyB3aWR0aD0iMSIgaGVpZ2h0PSIxIiB4bWxucz0iaHR0cDovL3d3dy53My5vcmcvMjAwMC9zdmciPjwvc3ZnPg==\" style=\"--smush-placeholder-width: 768px; --smush-placeholder-aspect-ratio: 768\/1024;\" \/><\/figure>\n\n\n\n<figure class=\"wp-block-image size-large\"><img decoding=\"async\" width=\"1706\" height=\"1708\" data-id=\"1390\" data-src=\"https:\/\/porini.fi\/wp-content\/uploads\/2024\/03\/IMG_1820.1-scaled-edited.jpg\" alt=\"\" class=\"wp-image-1390 lazyload\" data-srcset=\"https:\/\/porini.fi\/wp-content\/uploads\/2024\/03\/IMG_1820.1-scaled-edited.jpg 1706w, https:\/\/porini.fi\/wp-content\/uploads\/2024\/03\/IMG_1820.1-scaled-edited-300x300.jpg 300w, https:\/\/porini.fi\/wp-content\/uploads\/2024\/03\/IMG_1820.1-scaled-edited-1024x1024.jpg 1024w, https:\/\/porini.fi\/wp-content\/uploads\/2024\/03\/IMG_1820.1-scaled-edited-150x150.jpg 150w, https:\/\/porini.fi\/wp-content\/uploads\/2024\/03\/IMG_1820.1-scaled-edited-768x769.jpg 768w, https:\/\/porini.fi\/wp-content\/uploads\/2024\/03\/IMG_1820.1-scaled-edited-1534x1536.jpg 1534w, https:\/\/porini.fi\/wp-content\/uploads\/2024\/03\/IMG_1820.1-scaled-edited-570x571.jpg 570w, https:\/\/porini.fi\/wp-content\/uploads\/2024\/03\/IMG_1820.1-scaled-edited-510x510.jpg 510w, https:\/\/porini.fi\/wp-content\/uploads\/2024\/03\/IMG_1820.1-scaled-edited-600x601.jpg 600w, https:\/\/porini.fi\/wp-content\/uploads\/2024\/03\/IMG_1820.1-scaled-edited-100x100.jpg 100w\" data-sizes=\"(max-width: 1706px) 100vw, 1706px\" src=\"data:image\/svg+xml;base64,PHN2ZyB3aWR0aD0iMSIgaGVpZ2h0PSIxIiB4bWxucz0iaHR0cDovL3d3dy53My5vcmcvMjAwMC9zdmciPjwvc3ZnPg==\" style=\"--smush-placeholder-width: 1706px; --smush-placeholder-aspect-ratio: 1706\/1708;\" \/><\/figure>\n\n\n\n<figure class=\"wp-block-image size-full is-style-default\"><img decoding=\"async\" width=\"1536\" height=\"2048\" data-id=\"323\" data-src=\"https:\/\/porini.fi\/wp-content\/uploads\/2024\/02\/IMG_1357.1.jpg\" alt=\"\" class=\"wp-image-323 lazyload\" data-srcset=\"https:\/\/porini.fi\/wp-content\/uploads\/2024\/02\/IMG_1357.1.jpg 1536w, https:\/\/porini.fi\/wp-content\/uploads\/2024\/02\/IMG_1357.1-300x400.jpg 300w, https:\/\/porini.fi\/wp-content\/uploads\/2024\/02\/IMG_1357.1-600x800.jpg 600w, https:\/\/porini.fi\/wp-content\/uploads\/2024\/02\/IMG_1357.1-225x300.jpg 225w, https:\/\/porini.fi\/wp-content\/uploads\/2024\/02\/IMG_1357.1-768x1024.jpg 768w, https:\/\/porini.fi\/wp-content\/uploads\/2024\/02\/IMG_1357.1-1152x1536.jpg 1152w, https:\/\/porini.fi\/wp-content\/uploads\/2024\/02\/IMG_1357.1-570x760.jpg 570w\" data-sizes=\"(max-width: 1536px) 100vw, 1536px\" src=\"data:image\/svg+xml;base64,PHN2ZyB3aWR0aD0iMSIgaGVpZ2h0PSIxIiB4bWxucz0iaHR0cDovL3d3dy53My5vcmcvMjAwMC9zdmciPjwvc3ZnPg==\" style=\"--smush-placeholder-width: 1536px; --smush-placeholder-aspect-ratio: 1536\/2048;\" \/><\/figure>\n<\/figure>\n\n\n\n<div class=\"wp-block-cover\" style=\"min-height:775px;aspect-ratio:unset;\"><span aria-hidden=\"true\" class=\"wp-block-cover__background has-background-dim-30 has-background-dim\"><\/span><video class=\"wp-block-cover__video-background intrinsic-ignore\" autoplay muted loop playsinline src=\"https:\/\/porini.fi\/wp-content\/uploads\/2024\/01\/IMG_1321.mp4\" style=\"object-position:46% 68%\" data-object-fit=\"cover\" data-object-position=\"46% 68%\"><\/video><div class=\"wp-block-cover__inner-container is-layout-constrained wp-block-cover-is-layout-constrained\">\n<p class=\"has-text-align-center has-large-font-size\"><strong>Haluamme ett\u00e4 toimintamme tuo iloa kaikille osapuolille<\/strong><br><strong> ja tukee tasa-arvoa ja vastuullista kuluttamista.<\/strong><br><br>-Porini<\/p>\n<\/div><\/div>\n\n\n\n<div style=\"height:40px\" aria-hidden=\"true\" class=\"wp-block-spacer\"><\/div>\n<\/div><\/div>\n<\/div>\n<\/div>\n\n\n\n<div class=\"wp-block-group\"><div class=\"wp-block-group__inner-container is-layout-constrained wp-block-group-is-layout-constrained\">\n<div class=\"wp-block-group alignfull\"><div class=\"wp-block-group__inner-container is-layout-constrained wp-block-group-is-layout-constrained\"><div class=\"wp-block-image\">\n<figure class=\"alignleft size-full is-resized\"><img decoding=\"async\" width=\"334\" height=\"154\" data-src=\"https:\/\/porini.fi\/wp-content\/uploads\/2024\/02\/Viuhka.jpg\" alt=\"\" class=\"wp-image-582 lazyload\" style=\"--smush-placeholder-width: 334px; --smush-placeholder-aspect-ratio: 334\/154;width:196px;height:auto\" data-srcset=\"https:\/\/porini.fi\/wp-content\/uploads\/2024\/02\/Viuhka.jpg 334w, https:\/\/porini.fi\/wp-content\/uploads\/2024\/02\/Viuhka-300x138.jpg 300w\" data-sizes=\"(max-width: 334px) 100vw, 334px\" src=\"data:image\/svg+xml;base64,PHN2ZyB3aWR0aD0iMSIgaGVpZ2h0PSIxIiB4bWxucz0iaHR0cDovL3d3dy53My5vcmcvMjAwMC9zdmciPjwvc3ZnPg==\" \/><\/figure>\n<\/div><\/div><\/div>\n<\/div><\/div>\n\n\n\n<p><\/p>\n","protected":false},"excerpt":{"rendered":"","protected":false},"author":1,"featured_media":324,"parent":0,"menu_order":0,"comment_status":"closed","ping_status":"closed","template":"","meta":{"footnotes":""},"class_list":["post-150","page","type-page","status-publish","has-post-thumbnail","czr-hentry"],"yoast_head":"<!-- This site is optimized with the Yoast SEO plugin v27.5 - https:\/\/yoast.com\/product\/yoast-seo-wordpress\/ -->\n<title>Etusivu - Porini<\/title>\n<meta name=\"description\" content=\"Porini sai alkunsa perustajiensa rakkaudesta Afrikkaan, hyv\u00e4\u00e4n ruokaan ja reiluun meininkiin. Porini tarkoittaa swahilin kielell\u00e4 syrj\u00e4seutua, skutsia, pusikkoa -juuri sit\u00e4 aluetta miss\u00e4 puhtaat ja tuoreet maustekasvimme ja p\u00e4kin\u00e4t kasvavat.\" \/>\n<meta name=\"robots\" content=\"index, follow, max-snippet:-1, max-image-preview:large, max-video-preview:-1\" \/>\n<link rel=\"canonical\" href=\"https:\/\/porini.fi\/\" \/>\n<meta property=\"og:locale\" content=\"fi_FI\" \/>\n<meta property=\"og:type\" content=\"article\" \/>\n<meta property=\"og:title\" content=\"Etusivu - Porini\" \/>\n<meta property=\"og:description\" content=\"Porini sai alkunsa perustajiensa rakkaudesta Afrikkaan, hyv\u00e4\u00e4n ruokaan ja reiluun meininkiin. Porini tarkoittaa swahilin kielell\u00e4 syrj\u00e4seutua, skutsia, pusikkoa -juuri sit\u00e4 aluetta miss\u00e4 puhtaat ja tuoreet maustekasvimme ja p\u00e4kin\u00e4t kasvavat.\" \/>\n<meta property=\"og:url\" content=\"https:\/\/porini.fi\/\" \/>\n<meta property=\"article:modified_time\" content=\"2024-05-07T06:30:22+00:00\" \/>\n<meta property=\"og:image\" content=\"https:\/\/porini.fi\/wp-content\/uploads\/2024\/02\/IMG_1577-scaled.jpg\" \/>\n\t<meta property=\"og:image:width\" content=\"1707\" \/>\n\t<meta property=\"og:image:height\" content=\"2560\" \/>\n\t<meta property=\"og:image:type\" content=\"image\/jpeg\" \/>\n<meta name=\"twitter:card\" content=\"summary_large_image\" \/>\n<meta name=\"twitter:label1\" content=\"Arvioitu lukuaika\" \/>\n\t<meta name=\"twitter:data1\" content=\"2 minuuttia\" \/>\n<script type=\"application\/ld+json\" class=\"yoast-schema-graph\">{\"@context\":\"https:\\\/\\\/schema.org\",\"@graph\":[{\"@type\":\"WebPage\",\"@id\":\"https:\\\/\\\/porini.fi\\\/\",\"url\":\"https:\\\/\\\/porini.fi\\\/\",\"name\":\"Etusivu - Porini\",\"isPartOf\":{\"@id\":\"https:\\\/\\\/porini.fi\\\/#website\"},\"primaryImageOfPage\":{\"@id\":\"https:\\\/\\\/porini.fi\\\/#primaryimage\"},\"image\":{\"@id\":\"https:\\\/\\\/porini.fi\\\/#primaryimage\"},\"thumbnailUrl\":\"https:\\\/\\\/porini.fi\\\/wp-content\\\/uploads\\\/2024\\\/02\\\/IMG_1577-scaled.jpg\",\"datePublished\":\"2024-01-30T10:22:45+00:00\",\"dateModified\":\"2024-05-07T06:30:22+00:00\",\"description\":\"Porini sai alkunsa perustajiensa rakkaudesta Afrikkaan, hyv\u00e4\u00e4n ruokaan ja reiluun meininkiin. Porini tarkoittaa swahilin kielell\u00e4 syrj\u00e4seutua, skutsia, pusikkoa -juuri sit\u00e4 aluetta miss\u00e4 puhtaat ja tuoreet maustekasvimme ja p\u00e4kin\u00e4t kasvavat.\",\"inLanguage\":\"fi\",\"potentialAction\":[{\"@type\":\"ReadAction\",\"target\":[\"https:\\\/\\\/porini.fi\\\/\"]}]},{\"@type\":\"ImageObject\",\"inLanguage\":\"fi\",\"@id\":\"https:\\\/\\\/porini.fi\\\/#primaryimage\",\"url\":\"https:\\\/\\\/porini.fi\\\/wp-content\\\/uploads\\\/2024\\\/02\\\/IMG_1577-scaled.jpg\",\"contentUrl\":\"https:\\\/\\\/porini.fi\\\/wp-content\\\/uploads\\\/2024\\\/02\\\/IMG_1577-scaled.jpg\",\"width\":1707,\"height\":2560},{\"@type\":\"WebSite\",\"@id\":\"https:\\\/\\\/porini.fi\\\/#website\",\"url\":\"https:\\\/\\\/porini.fi\\\/\",\"name\":\"\",\"description\":\"\",\"potentialAction\":[{\"@type\":\"SearchAction\",\"target\":{\"@type\":\"EntryPoint\",\"urlTemplate\":\"https:\\\/\\\/porini.fi\\\/?s={search_term_string}\"},\"query-input\":{\"@type\":\"PropertyValueSpecification\",\"valueRequired\":true,\"valueName\":\"search_term_string\"}}],\"inLanguage\":\"fi\"}]}<\/script>\n<!-- \/ Yoast SEO plugin. -->","yoast_head_json":{"title":"Etusivu - Porini","description":"Porini sai alkunsa perustajiensa rakkaudesta Afrikkaan, hyv\u00e4\u00e4n ruokaan ja reiluun meininkiin. Porini tarkoittaa swahilin kielell\u00e4 syrj\u00e4seutua, skutsia, pusikkoa -juuri sit\u00e4 aluetta miss\u00e4 puhtaat ja tuoreet maustekasvimme ja p\u00e4kin\u00e4t kasvavat.","robots":{"index":"index","follow":"follow","max-snippet":"max-snippet:-1","max-image-preview":"max-image-preview:large","max-video-preview":"max-video-preview:-1"},"canonical":"https:\/\/porini.fi\/","og_locale":"fi_FI","og_type":"article","og_title":"Etusivu - Porini","og_description":"Porini sai alkunsa perustajiensa rakkaudesta Afrikkaan, hyv\u00e4\u00e4n ruokaan ja reiluun meininkiin. Porini tarkoittaa swahilin kielell\u00e4 syrj\u00e4seutua, skutsia, pusikkoa -juuri sit\u00e4 aluetta miss\u00e4 puhtaat ja tuoreet maustekasvimme ja p\u00e4kin\u00e4t kasvavat.","og_url":"https:\/\/porini.fi\/","article_modified_time":"2024-05-07T06:30:22+00:00","og_image":[{"width":1707,"height":2560,"url":"https:\/\/porini.fi\/wp-content\/uploads\/2024\/02\/IMG_1577-scaled.jpg","type":"image\/jpeg"}],"twitter_card":"summary_large_image","twitter_misc":{"Arvioitu lukuaika":"2 minuuttia"},"schema":{"@context":"https:\/\/schema.org","@graph":[{"@type":"WebPage","@id":"https:\/\/porini.fi\/","url":"https:\/\/porini.fi\/","name":"Etusivu - Porini","isPartOf":{"@id":"https:\/\/porini.fi\/#website"},"primaryImageOfPage":{"@id":"https:\/\/porini.fi\/#primaryimage"},"image":{"@id":"https:\/\/porini.fi\/#primaryimage"},"thumbnailUrl":"https:\/\/porini.fi\/wp-content\/uploads\/2024\/02\/IMG_1577-scaled.jpg","datePublished":"2024-01-30T10:22:45+00:00","dateModified":"2024-05-07T06:30:22+00:00","description":"Porini sai alkunsa perustajiensa rakkaudesta Afrikkaan, hyv\u00e4\u00e4n ruokaan ja reiluun meininkiin. Porini tarkoittaa swahilin kielell\u00e4 syrj\u00e4seutua, skutsia, pusikkoa -juuri sit\u00e4 aluetta miss\u00e4 puhtaat ja tuoreet maustekasvimme ja p\u00e4kin\u00e4t kasvavat.","inLanguage":"fi","potentialAction":[{"@type":"ReadAction","target":["https:\/\/porini.fi\/"]}]},{"@type":"ImageObject","inLanguage":"fi","@id":"https:\/\/porini.fi\/#primaryimage","url":"https:\/\/porini.fi\/wp-content\/uploads\/2024\/02\/IMG_1577-scaled.jpg","contentUrl":"https:\/\/porini.fi\/wp-content\/uploads\/2024\/02\/IMG_1577-scaled.jpg","width":1707,"height":2560},{"@type":"WebSite","@id":"https:\/\/porini.fi\/#website","url":"https:\/\/porini.fi\/","name":"","description":"","potentialAction":[{"@type":"SearchAction","target":{"@type":"EntryPoint","urlTemplate":"https:\/\/porini.fi\/?s={search_term_string}"},"query-input":{"@type":"PropertyValueSpecification","valueRequired":true,"valueName":"search_term_string"}}],"inLanguage":"fi"}]}},"_links":{"self":[{"href":"https:\/\/porini.fi\/index.php?rest_route=\/wp\/v2\/pages\/150","targetHints":{"allow":["GET"]}}],"collection":[{"href":"https:\/\/porini.fi\/index.php?rest_route=\/wp\/v2\/pages"}],"about":[{"href":"https:\/\/porini.fi\/index.php?rest_route=\/wp\/v2\/types\/page"}],"author":[{"embeddable":true,"href":"https:\/\/porini.fi\/index.php?rest_route=\/wp\/v2\/users\/1"}],"replies":[{"embeddable":true,"href":"https:\/\/porini.fi\/index.php?rest_route=%2Fwp%2Fv2%2Fcomments&post=150"}],"version-history":[{"count":531,"href":"https:\/\/porini.fi\/index.php?rest_route=\/wp\/v2\/pages\/150\/revisions"}],"predecessor-version":[{"id":2061,"href":"https:\/\/porini.fi\/index.php?rest_route=\/wp\/v2\/pages\/150\/revisions\/2061"}],"wp:featuredmedia":[{"embeddable":true,"href":"https:\/\/porini.fi\/index.php?rest_route=\/wp\/v2\/media\/324"}],"wp:attachment":[{"href":"https:\/\/porini.fi\/index.php?rest_route=%2Fwp%2Fv2%2Fmedia&parent=150"}],"curies":[{"name":"wp","href":"https:\/\/api.w.org\/{rel}","templated":true}]}}